{"id":288,"date":"2025-04-29T11:00:51","date_gmt":"2025-04-29T11:00:51","guid":{"rendered":"https:\/\/store.benmaker.com\/?post_type=product&#038;p=288"},"modified":"2026-03-12T09:14:40","modified_gmt":"2026-03-12T09:14:40","slug":"ekser-plus-3b-yazici","status":"publish","type":"product","link":"https:\/\/store.benmaker.com\/en\/ekser-plus-3b-yazici\/","title":{"rendered":"EKSER PLUS 3B YAZICI"},"content":{"rendered":"<p>BenMaker Ekser Plus 3B Yaz\u0131c\u0131<\/p>\n<p>Otomotiv teknolojisi kullan\u0131larak \u00fcretilmi\u015f &#8216;Robust Kabin&#8217; ile uzun s\u00fcreli bask\u0131lar i\u00e7in \u00fcretilen Ekser PLUS ile tan\u0131\u015f\u0131n.<\/p>\n<p>B\u00fcy\u00fck Hayaller \u0130\u00e7in Ekser<\/p>\n<p>270x270x350 mm ebatlar\u0131 ile geni\u015f bask\u0131 hacmine sahip, sars\u0131lmayan g\u00fc\u00e7l\u00fc kasas\u0131 sayesinde \u00fcst\u00fcn kalibrasyon kabiliyeti ve profesyonel bask\u0131 imkan\u0131 sa\u011flayan Ekser Plus ile en iyi sonucu al\u0131n.<\/p>\n<p>M\u00fckemmeli \u0130steyenler \u0130\u00e7in Ekser<\/p>\n<p>M\u00fckemmel sonu\u00e7lar almak isteyenler i\u00e7in Ekser\u2019in g\u00fc\u00e7l\u00fc kasas\u0131 uzun saatler boyunca m\u00fckemmel bask\u0131 alman\u0131z i\u00e7in tasarland\u0131.<\/p>\n<ul>\n<li>Yerli ve Milli Yaz\u0131l\u0131m<\/li>\n<\/ul>\n<ul>\n<li>Dayan\u0131kl\u0131 Elektro Statik Toz Boyal\u0131 \u00c7elik G\u00f6vde<\/li>\n<\/ul>\n<ul>\n<li>Otomatik Filament de\u011fi\u015ftirebilme<\/li>\n<\/ul>\n<ul>\n<li>50-300 mikron aras\u0131 yazd\u0131rma yapabilme<\/li>\n<\/ul>\n<ul>\n<li>Filament Sens\u00f6r\u00fc<\/li>\n<\/ul>\n<ul>\n<li>Elektrik kesintisinde kald\u0131\u011f\u0131 yerden devam edebilme<\/li>\n<\/ul>\n<ul>\n<li>LCD kontrol paneli ve SD kart okuyucu ile bilgisayardan tam ba\u011f\u0131ms\u0131z \u00e7al\u0131\u015fabilme<\/li>\n<\/ul>\n<ul>\n<li>Bask\u0131 esnas\u0131nda ayarlar\u0131 de\u011fi\u015ftirmeye olanak veren LCD men\u00fc<\/li>\n<\/ul>\n<ul>\n<li>Pleksi kapaklar ve pleksi kap\u0131<\/li>\n<li>2+1 y\u0131l Garanti<\/li>\n<\/ul>\n<p>&nbsp;<\/p>\n<p><em>Teknik \u00d6zellikler\u00a0<\/em><\/p>\n<table>\n<tbody>\n<tr>\n<td>Bask\u0131 Teknolojisi<\/td>\n<td>FFF (Eriyerek Kayna\u015fan Filamanla \u00dcretim)<\/td>\n<\/tr>\n<tr>\n<td>Bask\u0131 Hacmi<\/td>\n<td>270x270x350 mm<\/td>\n<\/tr>\n<tr>\n<td>Kinematik<\/td>\n<td>Istavroz milli GT2 kay\u0131\u015f aktarmal\u0131<\/td>\n<\/tr>\n<tr>\n<td>Bo\u015fta Hareket H\u0131z\u0131<\/td>\n<td>100 mm\/sn<\/td>\n<\/tr>\n<tr>\n<td>Katman Kal\u0131nl\u0131\u011f\u0131<\/td>\n<td>0.05 \u2013 0.30 mm<\/td>\n<\/tr>\n<tr>\n<td>Ekstruder Say\u0131s\u0131<\/td>\n<td>1<\/td>\n<\/tr>\n<tr>\n<td>Noz\u00fcl \u00c7ap\u0131<\/td>\n<td>0.4 mm<\/td>\n<\/tr>\n<tr>\n<td>Filaman \u00c7ap\u0131<\/td>\n<td>1.75 mm<\/td>\n<\/tr>\n<tr>\n<td>X-Y Eksen Tahrik Sistemi<\/td>\n<td>Minimal Bo\u015fluklu GT2 Kay\u0131\u015f<\/td>\n<\/tr>\n<tr>\n<td>Z Eksen Tahrik Sistemi<\/td>\n<td>Trapez Kesitli Vidal\u0131 Mil<\/td>\n<\/tr>\n<tr>\n<td>Bask\u0131 Plakas\u0131<\/td>\n<td>Cam<\/td>\n<\/tr>\n<tr>\n<td>Ba\u011flant\u0131<\/td>\n<td>USB ve SD Kart<\/td>\n<\/tr>\n<tr>\n<td>G\u00fc\u00e7 (Max)<\/td>\n<td>220 volt 400 watt<\/td>\n<\/tr>\n<tr>\n<td>Yaz\u0131l\u0131m<\/td>\n<td>\u201cCURA, Repetier ve A\u00e7\u0131k Kaynak Kodlu Ayg\u0131t Yaz\u0131l\u0131mlar\u0131n\u0131 Destekleyen Di\u011fer Yaz\u0131l\u0131mlar\u201d<\/td>\n<\/tr>\n<tr>\n<td>Dosya Format\u0131<\/td>\n<td>STL, OBJ, AMF, GCODE<\/td>\n<\/tr>\n<tr>\n<td>Ebatlar<\/td>\n<td>440x430x600mm<\/td>\n<\/tr>\n<tr>\n<td>PLA, ABS (\u00f6nerilen), FLEX<\/td>\n<td>PLA (\u00f6nerilen), ABS, FLEX<\/td>\n<\/tr>\n<tr>\n<td>Di\u011fer<\/td>\n<td>LCD kontrol paneli<\/td>\n<\/tr>\n<\/tbody>\n<\/table>\n","protected":false},"excerpt":{"rendered":"<p>BenMaker Ekser Plus 3B Yaz\u0131c\u0131 Otomotiv teknolojisi kullan\u0131larak \u00fcretilmi\u015f &#8216;Robust Kabin&#8217; ile uzun s\u00fcreli bask\u0131lar i\u00e7in \u00fcretilen Ekser PLUS ile tan\u0131\u015f\u0131n. B\u00fcy\u00fck Hayaller \u0130\u00e7in Ekser 270x270x350 mm ebatlar\u0131 ile geni\u015f bask\u0131 hacmine sahip, sars\u0131lmayan g\u00fc\u00e7l\u00fc kasas\u0131 sayesinde \u00fcst\u00fcn kalibrasyon kabiliyeti ve profesyonel bask\u0131 imkan\u0131 sa\u011flayan Ekser Plus ile en iyi sonucu al\u0131n. M\u00fckemmeli \u0130steyenler \u0130\u00e7in [&hellip;]<\/p>\n","protected":false},"featured_media":289,"comment_status":"open","ping_status":"closed","template":"","meta":[],"product_brand":[47],"product_cat":[20],"product_tag":[],"class_list":{"0":"post-288","1":"product","2":"type-product","3":"status-publish","4":"has-post-thumbnail","6":"product_brand-benmaker","7":"product_cat-ekser","9":"first","10":"instock","11":"sale","12":"taxable","13":"shipping-taxable","14":"purchasable","15":"product-type-simple"},"_links":{"self":[{"href":"https:\/\/store.benmaker.com\/en\/wp-json\/wp\/v2\/product\/288","targetHints":{"allow":["GET"]}}],"collection":[{"href":"https:\/\/store.benmaker.com\/en\/wp-json\/wp\/v2\/product"}],"about":[{"href":"https:\/\/store.benmaker.com\/en\/wp-json\/wp\/v2\/types\/product"}],"replies":[{"embeddable":true,"href":"https:\/\/store.benmaker.com\/en\/wp-json\/wp\/v2\/comments?post=288"}],"wp:featuredmedia":[{"embeddable":true,"href":"https:\/\/store.benmaker.com\/en\/wp-json\/wp\/v2\/media\/289"}],"wp:attachment":[{"href":"https:\/\/store.benmaker.com\/en\/wp-json\/wp\/v2\/media?parent=288"}],"wp:term":[{"taxonomy":"product_brand","embeddable":true,"href":"https:\/\/store.benmaker.com\/en\/wp-json\/wp\/v2\/product_brand?post=288"},{"taxonomy":"product_cat","embeddable":true,"href":"https:\/\/store.benmaker.com\/en\/wp-json\/wp\/v2\/product_cat?post=288"},{"taxonomy":"product_tag","embeddable":true,"href":"https:\/\/store.benmaker.com\/en\/wp-json\/wp\/v2\/product_tag?post=288"}],"curies":[{"name":"wp","href":"https:\/\/api.w.org\/{rel}","templated":true}]}}