{"id":280,"date":"2025-04-29T10:52:08","date_gmt":"2025-04-29T10:52:08","guid":{"rendered":"https:\/\/store.benmaker.com\/?post_type=product&#038;p=280"},"modified":"2026-03-12T09:15:30","modified_gmt":"2026-03-12T09:15:30","slug":"zimparali-testere-modulu","status":"publish","type":"product","link":"https:\/\/store.benmaker.com\/en\/zimparali-testere-modulu\/","title":{"rendered":"ZIMPARALI TESTERE MOD\u00dcL\u00dc"},"content":{"rendered":"<p><b>Z\u0131mparal\u0131 Testere Mod\u00fcl\u00fc<\/b>\u00a0ile testere kesici ucunun dikey eksende hareket ederek, temas etti\u011fi ah\u015fap par\u00e7aya istenilen \u015fekil verilir. Dahili Z\u0131mpara ile de par\u00e7an\u0131n p\u00fcr\u00fczl\u00fc y\u00fczeyleri i\u015flenip p\u00fcr\u00fczs\u00fcz hale getirilir. \u0130\u015flemler s\u0131ras\u0131nda kullan\u0131c\u0131; 10 parma\u011f\u0131n\u0131 da aktif bir \u015fekilde kullanarak, el-g\u00f6z ve beyin koordinasyonunu g\u00fc\u00e7lendirici \u00e7al\u0131\u015fmalar yapabilir.<\/p>\n<ul>\n<li><\/li>\n<li>180 mm Y\u00fckseklik<\/li>\n<li>300 mm Geni\u015flik<\/li>\n<li>270 mm Derinlik<\/li>\n<li>12 V \u00c7al\u0131\u015fma Voltaj\u0131<\/li>\n<li>4mm&#8217;ye kadar kesme kal\u0131nl\u0131\u011f\u0131<\/li>\n<li>60 kum kal\u0131nl\u0131\u011f\u0131nda z\u0131mpara ka\u011f\u0131d\u0131<\/li>\n<li>Ah\u015fap kontraplak i\u015fleyebilme<\/li>\n<\/ul>\n","protected":false},"excerpt":{"rendered":"<p>Z\u0131mparal\u0131 Testere Mod\u00fcl\u00fc\u00a0ile testere kesici ucunun dikey eksende hareket ederek, temas etti\u011fi ah\u015fap par\u00e7aya istenilen \u015fekil verilir. Dahili Z\u0131mpara ile de par\u00e7an\u0131n p\u00fcr\u00fczl\u00fc y\u00fczeyleri i\u015flenip p\u00fcr\u00fczs\u00fcz hale getirilir. \u0130\u015flemler s\u0131ras\u0131nda kullan\u0131c\u0131; 10 parma\u011f\u0131n\u0131 da aktif bir \u015fekilde kullanarak, el-g\u00f6z ve beyin koordinasyonunu g\u00fc\u00e7lendirici \u00e7al\u0131\u015fmalar yapabilir. 180 mm Y\u00fckseklik 300 mm Geni\u015flik 270 mm Derinlik 12 [&hellip;]<\/p>\n","protected":false},"featured_media":281,"comment_status":"open","ping_status":"closed","template":"","meta":[],"product_brand":[47],"product_cat":[19],"product_tag":[],"class_list":{"0":"post-280","1":"product","2":"type-product","3":"status-publish","4":"has-post-thumbnail","6":"product_brand-benmaker","7":"product_cat-wooder","9":"first","10":"instock","11":"sale","12":"taxable","13":"shipping-taxable","14":"purchasable","15":"product-type-simple"},"_links":{"self":[{"href":"https:\/\/store.benmaker.com\/en\/wp-json\/wp\/v2\/product\/280","targetHints":{"allow":["GET"]}}],"collection":[{"href":"https:\/\/store.benmaker.com\/en\/wp-json\/wp\/v2\/product"}],"about":[{"href":"https:\/\/store.benmaker.com\/en\/wp-json\/wp\/v2\/types\/product"}],"replies":[{"embeddable":true,"href":"https:\/\/store.benmaker.com\/en\/wp-json\/wp\/v2\/comments?post=280"}],"wp:featuredmedia":[{"embeddable":true,"href":"https:\/\/store.benmaker.com\/en\/wp-json\/wp\/v2\/media\/281"}],"wp:attachment":[{"href":"https:\/\/store.benmaker.com\/en\/wp-json\/wp\/v2\/media?parent=280"}],"wp:term":[{"taxonomy":"product_brand","embeddable":true,"href":"https:\/\/store.benmaker.com\/en\/wp-json\/wp\/v2\/product_brand?post=280"},{"taxonomy":"product_cat","embeddable":true,"href":"https:\/\/store.benmaker.com\/en\/wp-json\/wp\/v2\/product_cat?post=280"},{"taxonomy":"product_tag","embeddable":true,"href":"https:\/\/store.benmaker.com\/en\/wp-json\/wp\/v2\/product_tag?post=280"}],"curies":[{"name":"wp","href":"https:\/\/api.w.org\/{rel}","templated":true}]}}