{"id":278,"date":"2025-04-29T10:51:41","date_gmt":"2025-04-29T10:51:41","guid":{"rendered":"https:\/\/store.benmaker.com\/?post_type=product&#038;p=278"},"modified":"2026-03-12T09:15:48","modified_gmt":"2026-03-12T09:15:48","slug":"wooder-matkap-modulu","status":"publish","type":"product","link":"https:\/\/store.benmaker.com\/en\/wooder-matkap-modulu\/","title":{"rendered":"WOODER MATKAP MOD\u00dcL\u00dc"},"content":{"rendered":"<p>Wooder Matkap Mod\u00fcl\u00fc ile 4 mm kal\u0131nl\u0131\u011f\u0131ndaki kontraplak malzemeye, 3.0 mm \u00e7ap\u0131nda delik a\u00e7arak, proje \u00e7al\u0131\u015fmalar\u0131 s\u0131ras\u0131nda pratik \u00e7\u00f6z\u00fcmler i\u00e7in kullanabilirsiniz. Bu s\u00fcre\u00e7 s\u0131ras\u0131nda kullan\u0131c\u0131 el becerilerini geli\u015ftirebilme imkan\u0131 bulur.<\/p>\n<ul>\n<li><\/li>\n<li>200 mm Y\u00fckseklik<\/li>\n<li>300 mm Geni\u015flik<\/li>\n<li>200 mm Derinlik<\/li>\n<li>12 V \u00c7al\u0131\u015fma Voltaj\u0131<\/li>\n<li>4 mm Delme kal\u0131nl\u0131\u011f\u0131<\/li>\n<li>3.0 mm matkap ucu \u00e7ap\u0131<\/li>\n<li>M\u00fckemmel Ah\u015fap i\u015f\u00e7ili\u011fi<\/li>\n<\/ul>\n","protected":false},"excerpt":{"rendered":"<p>Wooder Matkap Mod\u00fcl\u00fc ile 4 mm kal\u0131nl\u0131\u011f\u0131ndaki kontraplak malzemeye, 3.0 mm \u00e7ap\u0131nda delik a\u00e7arak, proje \u00e7al\u0131\u015fmalar\u0131 s\u0131ras\u0131nda pratik \u00e7\u00f6z\u00fcmler i\u00e7in kullanabilirsiniz. Bu s\u00fcre\u00e7 s\u0131ras\u0131nda kullan\u0131c\u0131 el becerilerini geli\u015ftirebilme imkan\u0131 bulur. 200 mm Y\u00fckseklik 300 mm Geni\u015flik 200 mm Derinlik 12 V \u00c7al\u0131\u015fma Voltaj\u0131 4 mm Delme kal\u0131nl\u0131\u011f\u0131 3.0 mm matkap ucu \u00e7ap\u0131 M\u00fckemmel Ah\u015fap i\u015f\u00e7ili\u011fi<\/p>\n","protected":false},"featured_media":279,"comment_status":"open","ping_status":"closed","template":"","meta":[],"product_brand":[47],"product_cat":[19],"product_tag":[],"class_list":{"0":"post-278","1":"product","2":"type-product","3":"status-publish","4":"has-post-thumbnail","6":"product_brand-benmaker","7":"product_cat-wooder","9":"first","10":"instock","11":"sale","12":"taxable","13":"shipping-taxable","14":"purchasable","15":"product-type-simple"},"_links":{"self":[{"href":"https:\/\/store.benmaker.com\/en\/wp-json\/wp\/v2\/product\/278","targetHints":{"allow":["GET"]}}],"collection":[{"href":"https:\/\/store.benmaker.com\/en\/wp-json\/wp\/v2\/product"}],"about":[{"href":"https:\/\/store.benmaker.com\/en\/wp-json\/wp\/v2\/types\/product"}],"replies":[{"embeddable":true,"href":"https:\/\/store.benmaker.com\/en\/wp-json\/wp\/v2\/comments?post=278"}],"wp:featuredmedia":[{"embeddable":true,"href":"https:\/\/store.benmaker.com\/en\/wp-json\/wp\/v2\/media\/279"}],"wp:attachment":[{"href":"https:\/\/store.benmaker.com\/en\/wp-json\/wp\/v2\/media?parent=278"}],"wp:term":[{"taxonomy":"product_brand","embeddable":true,"href":"https:\/\/store.benmaker.com\/en\/wp-json\/wp\/v2\/product_brand?post=278"},{"taxonomy":"product_cat","embeddable":true,"href":"https:\/\/store.benmaker.com\/en\/wp-json\/wp\/v2\/product_cat?post=278"},{"taxonomy":"product_tag","embeddable":true,"href":"https:\/\/store.benmaker.com\/en\/wp-json\/wp\/v2\/product_tag?post=278"}],"curies":[{"name":"wp","href":"https:\/\/api.w.org\/{rel}","templated":true}]}}