{"id":252,"date":"2025-04-29T10:45:07","date_gmt":"2025-04-29T10:45:07","guid":{"rendered":"https:\/\/store.benmaker.com\/?post_type=product&#038;p=252"},"modified":"2026-03-12T09:16:27","modified_gmt":"2026-03-12T09:16:27","slug":"torna-modulu","status":"publish","type":"product","link":"https:\/\/store.benmaker.com\/en\/torna-modulu\/","title":{"rendered":"TORNA MOD\u00dcL\u00dc"},"content":{"rendered":"<div class=\"txt3\">Wooder Torna Mod\u00fcl\u00fc ile kendi ekseni etraf\u0131nda d\u00f6nen ah\u015fap i\u015f par\u00e7as\u0131na, do\u011frusal hareket eden kesici tak\u0131m yard\u0131m\u0131 ile istenilen \u015fekil verilir. Bu s\u00fcre\u00e7 s\u0131ras\u0131nda kullan\u0131c\u0131 ince ve kaba motor geli\u015fimini destekleyici \u00e7al\u0131\u015fmalar yapabilir.<\/div>\n<div class=\"our-rooms-icons\">\n<div class=\"our-rooms-icon\">\n<figure><\/figure>\n<div class=\"our-rooms-icon-txt1\">150 mm Y\u00fckseklik<\/div>\n<\/div>\n<div class=\"our-rooms-icon\">\n<figure><\/figure>\n<div class=\"our-rooms-icon-txt1\">450 mm Geni\u015flik<\/div>\n<\/div>\n<div class=\"our-rooms-icon\">\n<figure><\/figure>\n<div class=\"our-rooms-icon-txt1\">250 mm En<\/div>\n<\/div>\n<div class=\"our-rooms-icon\">\n<figure><\/figure>\n<div class=\"our-rooms-icon-txt1\">12 V \u00c7al\u0131\u015fma Voltaj\u0131<\/div>\n<\/div>\n<div class=\"our-rooms-icon\">\n<figure><\/figure>\n<div class=\"our-rooms-icon-txt1\">30mm \u00e7ap&#8217;a kadar malzeme i\u015fleme<\/div>\n<\/div>\n<div class=\"our-rooms-icon\">\n<figure><\/figure>\n<div class=\"our-rooms-icon-txt1\">110mm boy&#8217;a kadar malzeme i\u015fleme<\/div>\n<\/div>\n<div class=\"our-rooms-icon\">\n<figure><\/figure>\n<div class=\"our-rooms-icon-txt1\">M\u00fckemmel Ah\u015fap i\u015f\u00e7ili\u011fi<\/div>\n<\/div>\n<\/div>\n","protected":false},"excerpt":{"rendered":"<p>Wooder Torna Mod\u00fcl\u00fc ile kendi ekseni etraf\u0131nda d\u00f6nen ah\u015fap i\u015f par\u00e7as\u0131na, do\u011frusal hareket eden kesici tak\u0131m yard\u0131m\u0131 ile istenilen \u015fekil verilir. Bu s\u00fcre\u00e7 s\u0131ras\u0131nda kullan\u0131c\u0131 ince ve kaba motor geli\u015fimini destekleyici \u00e7al\u0131\u015fmalar yapabilir. 150 mm Y\u00fckseklik 450 mm Geni\u015flik 250 mm En 12 V \u00c7al\u0131\u015fma Voltaj\u0131 30mm \u00e7ap&#8217;a kadar malzeme i\u015fleme 110mm boy&#8217;a kadar malzeme [&hellip;]<\/p>\n","protected":false},"featured_media":253,"comment_status":"open","ping_status":"closed","template":"","meta":[],"product_brand":[47],"product_cat":[19],"product_tag":[],"class_list":{"0":"post-252","1":"product","2":"type-product","3":"status-publish","4":"has-post-thumbnail","6":"product_brand-benmaker","7":"product_cat-wooder","9":"first","10":"instock","11":"sale","12":"taxable","13":"shipping-taxable","14":"purchasable","15":"product-type-simple"},"_links":{"self":[{"href":"https:\/\/store.benmaker.com\/en\/wp-json\/wp\/v2\/product\/252","targetHints":{"allow":["GET"]}}],"collection":[{"href":"https:\/\/store.benmaker.com\/en\/wp-json\/wp\/v2\/product"}],"about":[{"href":"https:\/\/store.benmaker.com\/en\/wp-json\/wp\/v2\/types\/product"}],"replies":[{"embeddable":true,"href":"https:\/\/store.benmaker.com\/en\/wp-json\/wp\/v2\/comments?post=252"}],"wp:featuredmedia":[{"embeddable":true,"href":"https:\/\/store.benmaker.com\/en\/wp-json\/wp\/v2\/media\/253"}],"wp:attachment":[{"href":"https:\/\/store.benmaker.com\/en\/wp-json\/wp\/v2\/media?parent=252"}],"wp:term":[{"taxonomy":"product_brand","embeddable":true,"href":"https:\/\/store.benmaker.com\/en\/wp-json\/wp\/v2\/product_brand?post=252"},{"taxonomy":"product_cat","embeddable":true,"href":"https:\/\/store.benmaker.com\/en\/wp-json\/wp\/v2\/product_cat?post=252"},{"taxonomy":"product_tag","embeddable":true,"href":"https:\/\/store.benmaker.com\/en\/wp-json\/wp\/v2\/product_tag?post=252"}],"curies":[{"name":"wp","href":"https:\/\/api.w.org\/{rel}","templated":true}]}}