{"id":250,"date":"2025-04-29T10:44:41","date_gmt":"2025-04-29T10:44:41","guid":{"rendered":"https:\/\/store.benmaker.com\/?post_type=product&#038;p=250"},"modified":"2026-03-12T09:16:40","modified_gmt":"2026-03-12T09:16:40","slug":"testere-xl-modulu","status":"publish","type":"product","link":"https:\/\/store.benmaker.com\/en\/testere-xl-modulu\/","title":{"rendered":"TESTERE XL MOD\u00dcL\u00dc"},"content":{"rendered":"<p>TESTERE XL Mod\u00fcl\u00fc ile testere kesici ucunun dikey eksende hareket ederek, temas etti\u011fi ah\u015fap i\u015f par\u00e7as\u0131na istenilen \u015fekil verilir. Mod\u00fcl ile 240 mm uzunlu\u011funda ah\u015fap konrtaplak malzemeyi keserek daha b\u00fcy\u00fck ebatl\u0131 projelerinizi hayata ge\u00e7irebilirsiniz.<\/p>\n<ul>\n<li><\/li>\n<li>180 mm Y\u00fckseklik<\/li>\n<li>300 mm Geni\u015flik<\/li>\n<li>465 mm Derinlik<\/li>\n<li>12 V \u00c7al\u0131\u015fma Voltaj\u0131<\/li>\n<li>4mm&#8217;ye kadar kesme kal\u0131nl\u0131\u011f\u0131<\/li>\n<li>240 mm kadar kesme boyu<\/li>\n<li>Ah\u015fap kontraplak i\u015fleyebilme<\/li>\n<\/ul>\n","protected":false},"excerpt":{"rendered":"<p>TESTERE XL Mod\u00fcl\u00fc ile testere kesici ucunun dikey eksende hareket ederek, temas etti\u011fi ah\u015fap i\u015f par\u00e7as\u0131na istenilen \u015fekil verilir. Mod\u00fcl ile 240 mm uzunlu\u011funda ah\u015fap konrtaplak malzemeyi keserek daha b\u00fcy\u00fck ebatl\u0131 projelerinizi hayata ge\u00e7irebilirsiniz. 180 mm Y\u00fckseklik 300 mm Geni\u015flik 465 mm Derinlik 12 V \u00c7al\u0131\u015fma Voltaj\u0131 4mm&#8217;ye kadar kesme kal\u0131nl\u0131\u011f\u0131 240 mm kadar kesme [&hellip;]<\/p>\n","protected":false},"featured_media":251,"comment_status":"open","ping_status":"closed","template":"","meta":[],"product_brand":[47],"product_cat":[19],"product_tag":[],"class_list":{"0":"post-250","1":"product","2":"type-product","3":"status-publish","4":"has-post-thumbnail","6":"product_brand-benmaker","7":"product_cat-wooder","9":"first","10":"instock","11":"sale","12":"taxable","13":"shipping-taxable","14":"purchasable","15":"product-type-simple"},"_links":{"self":[{"href":"https:\/\/store.benmaker.com\/en\/wp-json\/wp\/v2\/product\/250","targetHints":{"allow":["GET"]}}],"collection":[{"href":"https:\/\/store.benmaker.com\/en\/wp-json\/wp\/v2\/product"}],"about":[{"href":"https:\/\/store.benmaker.com\/en\/wp-json\/wp\/v2\/types\/product"}],"replies":[{"embeddable":true,"href":"https:\/\/store.benmaker.com\/en\/wp-json\/wp\/v2\/comments?post=250"}],"wp:featuredmedia":[{"embeddable":true,"href":"https:\/\/store.benmaker.com\/en\/wp-json\/wp\/v2\/media\/251"}],"wp:attachment":[{"href":"https:\/\/store.benmaker.com\/en\/wp-json\/wp\/v2\/media?parent=250"}],"wp:term":[{"taxonomy":"product_brand","embeddable":true,"href":"https:\/\/store.benmaker.com\/en\/wp-json\/wp\/v2\/product_brand?post=250"},{"taxonomy":"product_cat","embeddable":true,"href":"https:\/\/store.benmaker.com\/en\/wp-json\/wp\/v2\/product_cat?post=250"},{"taxonomy":"product_tag","embeddable":true,"href":"https:\/\/store.benmaker.com\/en\/wp-json\/wp\/v2\/product_tag?post=250"}],"curies":[{"name":"wp","href":"https:\/\/api.w.org\/{rel}","templated":true}]}}