{"id":150,"date":"2025-04-29T08:34:10","date_gmt":"2025-04-29T08:34:10","guid":{"rendered":"https:\/\/store.benmaker.com\/?post_type=product&#038;p=150"},"modified":"2026-03-12T09:17:28","modified_gmt":"2026-03-12T09:17:28","slug":"sarf-malzeme-kontraplak","status":"publish","type":"product","link":"https:\/\/store.benmaker.com\/en\/sarf-malzeme-kontraplak\/","title":{"rendered":"SARF MALZEME-KONTRAPLAK"},"content":{"rendered":"<p><b>AH\u015eAP TASARIM \u015eEK\u0130LLEND\u0130RME SET\u0130<\/b>\u00a0ile kullan\u0131lmak \u00fczere \u00f6zel olarak tasarlanm\u0131\u015f ah\u015fap kontraplak sarf malzemesi<\/p>\n<p>Bir kutu i\u00e7erisinde 100 adet kontraplak bulunmaktad\u0131r.<\/p>\n","protected":false},"excerpt":{"rendered":"<p>AH\u015eAP TASARIM \u015eEK\u0130LLEND\u0130RME SET\u0130\u00a0ile kullan\u0131lmak \u00fczere \u00f6zel olarak tasarlanm\u0131\u015f ah\u015fap kontraplak sarf malzemesi Bir kutu i\u00e7erisinde 100 adet kontraplak bulunmaktad\u0131r.<\/p>\n","protected":false},"featured_media":151,"comment_status":"open","ping_status":"closed","template":"","meta":[],"product_brand":[47],"product_cat":[19],"product_tag":[],"class_list":{"0":"post-150","1":"product","2":"type-product","3":"status-publish","4":"has-post-thumbnail","6":"product_brand-benmaker","7":"product_cat-wooder","9":"first","10":"instock","11":"sale","12":"taxable","13":"shipping-taxable","14":"purchasable","15":"product-type-simple"},"_links":{"self":[{"href":"https:\/\/store.benmaker.com\/en\/wp-json\/wp\/v2\/product\/150","targetHints":{"allow":["GET"]}}],"collection":[{"href":"https:\/\/store.benmaker.com\/en\/wp-json\/wp\/v2\/product"}],"about":[{"href":"https:\/\/store.benmaker.com\/en\/wp-json\/wp\/v2\/types\/product"}],"replies":[{"embeddable":true,"href":"https:\/\/store.benmaker.com\/en\/wp-json\/wp\/v2\/comments?post=150"}],"wp:featuredmedia":[{"embeddable":true,"href":"https:\/\/store.benmaker.com\/en\/wp-json\/wp\/v2\/media\/151"}],"wp:attachment":[{"href":"https:\/\/store.benmaker.com\/en\/wp-json\/wp\/v2\/media?parent=150"}],"wp:term":[{"taxonomy":"product_brand","embeddable":true,"href":"https:\/\/store.benmaker.com\/en\/wp-json\/wp\/v2\/product_brand?post=150"},{"taxonomy":"product_cat","embeddable":true,"href":"https:\/\/store.benmaker.com\/en\/wp-json\/wp\/v2\/product_cat?post=150"},{"taxonomy":"product_tag","embeddable":true,"href":"https:\/\/store.benmaker.com\/en\/wp-json\/wp\/v2\/product_tag?post=150"}],"curies":[{"name":"wp","href":"https:\/\/api.w.org\/{rel}","templated":true}]}}