{"id":143,"date":"2025-04-29T08:32:11","date_gmt":"2025-04-29T08:32:11","guid":{"rendered":"https:\/\/store.benmaker.com\/?post_type=product&#038;p=143"},"modified":"2026-03-12T09:17:48","modified_gmt":"2026-03-12T09:17:48","slug":"makeventor-kit","status":"publish","type":"product","link":"https:\/\/store.benmaker.com\/en\/makeventor-kit\/","title":{"rendered":"MAKEVENTOR KIT"},"content":{"rendered":"<p>Inventor Proje Kiti, her ya\u015f i\u00e7in bir elektronik bulu\u015f kitidir! Inventor, g\u00fcnl\u00fck nesneleri internet ile birle\u015ftirmenize imkan tan\u0131maktad\u0131r. Herhangi bir iletken malzemeye ba\u011fl\u0131 krokodil kablolar\u0131 kullanarak bo\u015fluk \u00e7ubu\u011fu, y\u00f6n tu\u015flar\u0131 ve farenin sol t\u0131klamas\u0131 gibi bilgisayar\u0131n\u0131z\u0131n klavyesini kontrol edebilirsiniz.<\/p>\n<p>Bu kit ile bilgisayar\u0131n\u0131z\u0131n akl\u0131n\u0131za gelebilecek bir\u00e7ok fonksiyonu klavye olarak alg\u0131lamas\u0131n\u0131 sa\u011flayabilirsiniz. Programlama ve breadboard gerektirmeyen bu kit ile \u00e7ocuklar\u0131n\u0131z\u0131n yarat\u0131c\u0131l\u0131\u011f\u0131n\u0131 geli\u015ftirmesine destek olabilirsiniz. \u0130lkokul \u00e7a\u011f\u0131ndaki t\u00fcm \u00e7ocuklar i\u00e7in uygun olan bu kit, onlar\u0131n keyifli bir \u015fekilde vakit ge\u00e7irmesini sa\u011flarken ayn\u0131 zamanda gelece\u011fin mucitlerini de yeti\u015ftiriyor. \u00c7ocuklar\u0131n art\u0131k k\u00fc\u00e7\u00fck ya\u015flardan itibaren tan\u0131\u015ft\u0131\u011f\u0131 elektronik uygulamalar onlar\u0131n yarat\u0131c\u0131l\u0131klar\u0131n\u0131 zenginle\u015ftiriyor. Inventor kit de bu alanda \u00e7ok \u00f6nemli bir ad\u0131m olacakt\u0131r.<\/p>\n<p>&nbsp;<\/p>\n<p>Inventor Kit Paket \u0130\u00e7eri\u011fi:<\/p>\n<p>&nbsp;<\/p>\n<ul>\n<li>1 x Inventor Kart<\/li>\n<li>1 x Data Kablosu<\/li>\n<li>10 x Jumper Kablo<\/li>\n<li>\u00a06 x Krokodil Kablo<\/li>\n<li>K\u0131rtasiye Seti (1 x Oyun Hamuru, 1 x 6&#8217;l\u0131 Boya Kalemi, 1 x Sulu Boya Seti, \u00d6rnek Projeler, 4 x Renkli A4 Ka\u011f\u0131tlar\u0131, 5 x LED, 1 X Kur\u015fun Kalem, 1 x Kalemt\u0131ra\u015f, 1 x Bant ve 5 x Ata\u015f)<\/li>\n<li>6 giri\u015fli ba\u011flant\u0131 noktas\u0131na sahiptir.<\/li>\n<li>Arduino uyumlu kontrol birimi sa\u011flamaktad\u0131r.<\/li>\n<li>Y\u00fcksek diren\u00e7li switchlere sahiptir.<\/li>\n<li>Her \u015feyi klavyeye \u00e7evirebilir.<\/li>\n<\/ul>\n","protected":false},"excerpt":{"rendered":"<p>Inventor Proje Kiti, her ya\u015f i\u00e7in bir elektronik bulu\u015f kitidir! Inventor, g\u00fcnl\u00fck nesneleri internet ile birle\u015ftirmenize imkan tan\u0131maktad\u0131r. Herhangi bir iletken malzemeye ba\u011fl\u0131 krokodil kablolar\u0131 kullanarak bo\u015fluk \u00e7ubu\u011fu, y\u00f6n tu\u015flar\u0131 ve farenin sol t\u0131klamas\u0131 gibi bilgisayar\u0131n\u0131z\u0131n klavyesini kontrol edebilirsiniz. Bu kit ile bilgisayar\u0131n\u0131z\u0131n akl\u0131n\u0131za gelebilecek bir\u00e7ok fonksiyonu klavye olarak alg\u0131lamas\u0131n\u0131 sa\u011flayabilirsiniz. Programlama ve breadboard gerektirmeyen [&hellip;]<\/p>\n","protected":false},"featured_media":144,"comment_status":"open","ping_status":"closed","template":"","meta":[],"product_brand":[47],"product_cat":[19],"product_tag":[],"class_list":{"0":"post-143","1":"product","2":"type-product","3":"status-publish","4":"has-post-thumbnail","6":"product_brand-benmaker","7":"product_cat-wooder","9":"first","10":"instock","11":"sale","12":"taxable","13":"shipping-taxable","14":"purchasable","15":"product-type-simple"},"_links":{"self":[{"href":"https:\/\/store.benmaker.com\/en\/wp-json\/wp\/v2\/product\/143","targetHints":{"allow":["GET"]}}],"collection":[{"href":"https:\/\/store.benmaker.com\/en\/wp-json\/wp\/v2\/product"}],"about":[{"href":"https:\/\/store.benmaker.com\/en\/wp-json\/wp\/v2\/types\/product"}],"replies":[{"embeddable":true,"href":"https:\/\/store.benmaker.com\/en\/wp-json\/wp\/v2\/comments?post=143"}],"wp:featuredmedia":[{"embeddable":true,"href":"https:\/\/store.benmaker.com\/en\/wp-json\/wp\/v2\/media\/144"}],"wp:attachment":[{"href":"https:\/\/store.benmaker.com\/en\/wp-json\/wp\/v2\/media?parent=143"}],"wp:term":[{"taxonomy":"product_brand","embeddable":true,"href":"https:\/\/store.benmaker.com\/en\/wp-json\/wp\/v2\/product_brand?post=143"},{"taxonomy":"product_cat","embeddable":true,"href":"https:\/\/store.benmaker.com\/en\/wp-json\/wp\/v2\/product_cat?post=143"},{"taxonomy":"product_tag","embeddable":true,"href":"https:\/\/store.benmaker.com\/en\/wp-json\/wp\/v2\/product_tag?post=143"}],"curies":[{"name":"wp","href":"https:\/\/api.w.org\/{rel}","templated":true}]}}