{"id":122,"date":"2025-04-22T10:31:16","date_gmt":"2025-04-22T10:31:16","guid":{"rendered":"https:\/\/store.benmaker.com\/?post_type=product&#038;p=122"},"modified":"2026-03-12T09:18:10","modified_gmt":"2026-03-12T09:18:10","slug":"benkit","status":"publish","type":"product","link":"https:\/\/store.benmaker.com\/en\/benkit\/","title":{"rendered":"BenKit"},"content":{"rendered":"<p>BenKit-(3 Ay Vade Farks\u0131z Taksit)<\/p>\n<p>\u00dcr\u00fcn A\u00e7\u0131klamas\u0131<br \/>\n(3 Ay Vade Farks\u0131z Taksit)<\/p>\n<p>5-12 ya\u015f aras\u0131 \u00e7ocuklar\u0131n kullan\u0131m\u0131na uygun bir \u015fekilde g\u00fcvenlik \u00f6nlemleri al\u0131narak tasarlanan BenKit mod\u00fcl\u00fc ile evde, garajda, parkta ve yazl\u0131kta \u00e7ocuklar\u0131n\u0131z \u00fcretim ile tan\u0131\u015fabilir, bir yandan e\u011flenceli projeler \u00fcretirken bir yandan da el becerilerini geli\u015ftirebilirler.<\/p>\n<p>BenKit ile \u00e7ocuklar, kutu i\u00e7erisinde bulunan 20 adet proje ile hayal g\u00fc\u00e7lerini \u00fcretime d\u00f6n\u00fc\u015ft\u00fcrebilecek, yapaca\u011f\u0131 projeler ile olaylar aras\u0131nda neden-sonu\u00e7 ili\u015fkisi kurabilecek, ince motor becerilerini geli\u015ftirerek, el-g\u00f6z ve beyin koordinasyonunu artt\u0131rabilecek ve kendi tasar\u0131m\u0131n\u0131 ortaya \u00e7\u0131karman\u0131n tad\u0131na vararak yarat\u0131c\u0131 g\u00fc\u00e7lerini ke\u015ffedeceklerdir.<\/p>\n<p>12 volt elektrik ile \u00e7al\u0131\u015fan torna mod\u00fcl\u00fc<br \/>\n\u00c7ocuk dostu g\u00fcvenli tasar\u0131m<br \/>\nS\u0131n\u0131rs\u0131z hayal g\u00fcc\u00fcn\u00fc destekleyici donan\u0131m<br \/>\nEvde, parkta, havuzda ve yazl\u0131kta her yerde kullan\u0131m<br \/>\nE\u011fitim i\u00e7erikleri ile \u00e7ocuklara yard\u0131mc\u0131 bir e\u011fitim arac\u0131<br \/>\nKolay kurulum<br \/>\n2 y\u0131l garanti<br \/>\nKutu i\u00e7eri\u011fi<br \/>\nTorna Mod\u00fcl\u00fc<br \/>\n20 Ah\u015fap Proje (T\u00fcm Malzemeleri ile)<br \/>\nSilikon Tabanca<br \/>\nSilikon (5 adet)<br \/>\nAh\u015fap Mil (50 Adet)<br \/>\nKoruyucu G\u00f6zl\u00fck<br \/>\nZ\u0131mpara K\u00e2\u011f\u0131d\u0131 (A4)<br \/>\nAdapt\u00f6r<br \/>\nKlips (2 adet)<br \/>\nYedek Punta<\/p>\n","protected":false},"excerpt":{"rendered":"<p>BenKit-(3 Ay Vade Farks\u0131z Taksit) \u00dcr\u00fcn A\u00e7\u0131klamas\u0131 (3 Ay Vade Farks\u0131z Taksit) 5-12 ya\u015f aras\u0131 \u00e7ocuklar\u0131n kullan\u0131m\u0131na uygun bir \u015fekilde g\u00fcvenlik \u00f6nlemleri al\u0131narak tasarlanan BenKit mod\u00fcl\u00fc ile evde, garajda, parkta ve yazl\u0131kta \u00e7ocuklar\u0131n\u0131z \u00fcretim ile tan\u0131\u015fabilir, bir yandan e\u011flenceli projeler \u00fcretirken bir yandan da el becerilerini geli\u015ftirebilirler. BenKit ile \u00e7ocuklar, kutu i\u00e7erisinde bulunan 20 adet [&hellip;]<\/p>\n","protected":false},"featured_media":123,"comment_status":"open","ping_status":"closed","template":"","meta":[],"product_brand":[47],"product_cat":[19],"product_tag":[],"class_list":{"0":"post-122","1":"product","2":"type-product","3":"status-publish","4":"has-post-thumbnail","6":"product_brand-benmaker","7":"product_cat-wooder","9":"first","10":"instock","11":"sale","12":"taxable","13":"shipping-taxable","14":"purchasable","15":"product-type-simple"},"_links":{"self":[{"href":"https:\/\/store.benmaker.com\/en\/wp-json\/wp\/v2\/product\/122","targetHints":{"allow":["GET"]}}],"collection":[{"href":"https:\/\/store.benmaker.com\/en\/wp-json\/wp\/v2\/product"}],"about":[{"href":"https:\/\/store.benmaker.com\/en\/wp-json\/wp\/v2\/types\/product"}],"replies":[{"embeddable":true,"href":"https:\/\/store.benmaker.com\/en\/wp-json\/wp\/v2\/comments?post=122"}],"wp:featuredmedia":[{"embeddable":true,"href":"https:\/\/store.benmaker.com\/en\/wp-json\/wp\/v2\/media\/123"}],"wp:attachment":[{"href":"https:\/\/store.benmaker.com\/en\/wp-json\/wp\/v2\/media?parent=122"}],"wp:term":[{"taxonomy":"product_brand","embeddable":true,"href":"https:\/\/store.benmaker.com\/en\/wp-json\/wp\/v2\/product_brand?post=122"},{"taxonomy":"product_cat","embeddable":true,"href":"https:\/\/store.benmaker.com\/en\/wp-json\/wp\/v2\/product_cat?post=122"},{"taxonomy":"product_tag","embeddable":true,"href":"https:\/\/store.benmaker.com\/en\/wp-json\/wp\/v2\/product_tag?post=122"}],"curies":[{"name":"wp","href":"https:\/\/api.w.org\/{rel}","templated":true}]}}