{"id":366,"date":"2025-04-16T08:16:56","date_gmt":"2025-04-16T08:16:56","guid":{"rendered":"https:\/\/store.benmaker.com\/cart\/"},"modified":"2025-05-12T10:15:40","modified_gmt":"2025-05-12T10:15:40","slug":"cart","status":"publish","type":"page","link":"https:\/\/store.benmaker.com\/en\/cart\/","title":{"rendered":"Cart"},"content":{"rendered":"\n<div data-block-name=\"woocommerce\/cart\" class=\"wp-block-woocommerce-cart alignwide is-loading\">\n<div data-block-name=\"woocommerce\/filled-cart-block\" class=\"wp-block-woocommerce-filled-cart-block\">\n<div data-block-name=\"woocommerce\/cart-items-block\" class=\"wp-block-woocommerce-cart-items-block\">\n<div data-block-name=\"woocommerce\/cart-line-items-block\" class=\"wp-block-woocommerce-cart-line-items-block\"><\/div>\n\n\n\n<div data-block-name=\"woocommerce\/cart-cross-sells-block\" class=\"wp-block-woocommerce-cart-cross-sells-block\">\n<h2 class=\"wp-block-heading has-large-font-size\">\u0130lginizi \u00e7ekebilir\u2026<\/h2>\n\n\n\n<div data-block-name=\"woocommerce\/cart-cross-sells-products-block\" class=\"wp-block-woocommerce-cart-cross-sells-products-block\"><\/div>\n<\/div>\n<\/div>\n\n\n\n<div data-block-name=\"woocommerce\/cart-totals-block\" class=\"wp-block-woocommerce-cart-totals-block\">\n<div data-block-name=\"woocommerce\/cart-order-summary-block\" class=\"wp-block-woocommerce-cart-order-summary-block\">\n<div data-block-name=\"woocommerce\/cart-order-summary-heading-block\" class=\"wp-block-woocommerce-cart-order-summary-heading-block\"><\/div><div data-block-name=\"woocommerce\/cart-order-summary-coupon-form-block\" class=\"wp-block-woocommerce-cart-order-summary-coupon-form-block\"><\/div><div data-block-name=\"woocommerce\/cart-order-summary-totals-block\" class=\"wp-block-woocommerce-cart-order-summary-totals-block\">\n<div data-block-name=\"woocommerce\/cart-order-summary-subtotal-block\" class=\"wp-block-woocommerce-cart-order-summary-subtotal-block\"><\/div>\n<div data-block-name=\"woocommerce\/cart-order-summary-discount-block\" class=\"wp-block-woocommerce-cart-order-summary-discount-block\"><\/div>\n<div data-block-name=\"woocommerce\/cart-order-summary-fee-block\" class=\"wp-block-woocommerce-cart-order-summary-fee-block\"><\/div>\n<div data-block-name=\"woocommerce\/cart-order-summary-shipping-block\" class=\"wp-block-woocommerce-cart-order-summary-shipping-block\"><\/div>\n<div data-block-name=\"woocommerce\/cart-order-summary-taxes-block\" class=\"wp-block-woocommerce-cart-order-summary-taxes-block\"><\/div><\/div>\n<\/div>\n\n\n\n<div data-block-name=\"woocommerce\/cart-express-payment-block\" class=\"wp-block-woocommerce-cart-express-payment-block\"><\/div>\n\n\n\n<div data-block-name=\"woocommerce\/proceed-to-checkout-block\" class=\"wp-block-woocommerce-proceed-to-checkout-block\"><\/div>\n\n\n\n<div data-block-name=\"woocommerce\/cart-accepted-payment-methods-block\" class=\"wp-block-woocommerce-cart-accepted-payment-methods-block\"><\/div>\n<\/div>\n<\/div>\n\n\n\n<div data-block-name=\"woocommerce\/empty-cart-block\" class=\"wp-block-woocommerce-empty-cart-block\">\n<h2 class=\"wp-block-heading has-text-align-center with-empty-cart-icon wc-block-cart__empty-cart__title\">Sepetiniz \u015fu anda bo\u015f!<\/h2>\n\n\n\n<hr class=\"wp-block-separator has-alpha-channel-opacity is-style-dots\"\/>\n\n\n\n<h2 class=\"wp-block-heading has-text-align-center\">Ma\u011fazada yeni<\/h2>\n\n\n<div data-block-name=\"woocommerce\/product-new\" data-columns=\"4\" data-rows=\"1\" class=\"wc-block-grid wp-block-product-new wp-block-woocommerce-product-new wc-block-product-new has-4-columns\"><ul class=\"wc-block-grid__products\"><li class=\"wc-block-grid__product\">\n\t\t\t\t<a href=\"https:\/\/store.benmaker.com\/en\/testere-ucu-kiti-20li\/\" class=\"wc-block-grid__product-link\">\n\t\t\t\t\t<div class=\"wc-block-grid__product-onsale\">\n\t\t\t<span aria-hidden=\"true\">Sale<\/span>\n\t\t\t<span class=\"screen-reader-text\">Product on sale<\/span>\n\t\t<\/div>\n\t\t\t\t\t<div class=\"wc-block-grid__product-image\"><img loading=\"lazy\" decoding=\"async\" width=\"300\" height=\"300\" src=\"https:\/\/store.benmaker.com\/wp-content\/uploads\/2025\/07\/6-300x300.jpg\" class=\"attachment-woocommerce_thumbnail size-woocommerce_thumbnail\" alt=\"TESTERE UCU K\u0130T\u0130 20&#039;L\u0130\" srcset=\"https:\/\/store.benmaker.com\/wp-content\/uploads\/2025\/07\/6-300x300.jpg 300w, https:\/\/store.benmaker.com\/wp-content\/uploads\/2025\/07\/6-1024x1024.jpg 1024w, https:\/\/store.benmaker.com\/wp-content\/uploads\/2025\/07\/6-150x150.jpg 150w, https:\/\/store.benmaker.com\/wp-content\/uploads\/2025\/07\/6-768x768.jpg 768w, https:\/\/store.benmaker.com\/wp-content\/uploads\/2025\/07\/6-1536x1536.jpg 1536w, https:\/\/store.benmaker.com\/wp-content\/uploads\/2025\/07\/6-600x600.jpg 600w, https:\/\/store.benmaker.com\/wp-content\/uploads\/2025\/07\/6-100x100.jpg 100w, https:\/\/store.benmaker.com\/wp-content\/uploads\/2025\/07\/6.jpg 2000w\" sizes=\"auto, (max-width: 300px) 100vw, 300px\" \/><\/div>\n\t\t\t\t\t<div class=\"wc-block-grid__product-title\">TESTERE UCU K\u0130T\u0130 20&#8217;L\u0130<\/div>\n\t\t\t\t<\/a>\n\t\t\t\t<div class=\"wc-block-grid__product-price price\"><del aria-hidden=\"true\"><span class=\"woocommerce-Price-amount amount\"><span class=\"woocommerce-Price-currencySymbol\">&#036;<\/span>31.20<\/span><\/del> <span class=\"screen-reader-text\">Original price was: &#036;31.20.<\/span><ins aria-hidden=\"true\"><span class=\"woocommerce-Price-amount amount\"><span class=\"woocommerce-Price-currencySymbol\">&#036;<\/span>27.77<\/span><\/ins><span class=\"screen-reader-text\">Current price is: &#036;27.77.<\/span><\/div>\n\t\t\t\t\n\t\t\t\t<div class=\"wp-block-button wc-block-grid__product-add-to-cart\"><a href=\"\/en\/wp-json\/wp\/v2\/pages\/366?add-to-cart=813\" aria-label=\"Add to cart: &ldquo;TESTERE UCU K\u0130T\u0130 20&#039;L\u0130&rdquo;\" data-quantity=\"1\" data-product_id=\"813\" data-product_sku=\"GY50.00016\/1000\" data-price=\"27.77\" rel=\"nofollow\" class=\"wp-block-button__link  add_to_cart_button ajax_add_to_cart\">Add to cart<\/a><\/div>\n\t\t\t<\/li><li class=\"wc-block-grid__product\">\n\t\t\t\t<a href=\"https:\/\/store.benmaker.com\/en\/ekser-plus-3b-yazici\/\" class=\"wc-block-grid__product-link\">\n\t\t\t\t\t<div class=\"wc-block-grid__product-onsale\">\n\t\t\t<span aria-hidden=\"true\">Sale<\/span>\n\t\t\t<span class=\"screen-reader-text\">Product on sale<\/span>\n\t\t<\/div>\n\t\t\t\t\t<div class=\"wc-block-grid__product-image\"><img loading=\"lazy\" decoding=\"async\" width=\"270\" height=\"270\" src=\"https:\/\/store.benmaker.com\/wp-content\/uploads\/2025\/04\/095-270x270-1.jpg\" class=\"attachment-woocommerce_thumbnail size-woocommerce_thumbnail\" alt=\"EKSER PLUS 3B YAZICI\" srcset=\"https:\/\/store.benmaker.com\/wp-content\/uploads\/2025\/04\/095-270x270-1.jpg 270w, https:\/\/store.benmaker.com\/wp-content\/uploads\/2025\/04\/095-270x270-1-150x150.jpg 150w, https:\/\/store.benmaker.com\/wp-content\/uploads\/2025\/04\/095-270x270-1-100x100.jpg 100w\" sizes=\"auto, (max-width: 270px) 100vw, 270px\" \/><\/div>\n\t\t\t\t\t<div class=\"wc-block-grid__product-title\">EKSER PLUS 3B YAZICI<\/div>\n\t\t\t\t<\/a>\n\t\t\t\t<div class=\"wc-block-grid__product-price price\"><del aria-hidden=\"true\"><span class=\"woocommerce-Price-amount amount\"><span class=\"woocommerce-Price-currencySymbol\">&#036;<\/span>6,110.00<\/span><\/del> <span class=\"screen-reader-text\">Original price was: &#036;6,110.00.<\/span><ins aria-hidden=\"true\"><span class=\"woocommerce-Price-amount amount\"><span class=\"woocommerce-Price-currencySymbol\">&#036;<\/span>5,210.40<\/span><\/ins><span class=\"screen-reader-text\">Current price is: &#036;5,210.40.<\/span><\/div>\n\t\t\t\t\n\t\t\t\t<div class=\"wp-block-button wc-block-grid__product-add-to-cart\"><a href=\"\/en\/wp-json\/wp\/v2\/pages\/366?add-to-cart=288\" aria-label=\"Add to cart: &ldquo;EKSER PLUS 3B YAZICI&rdquo;\" data-quantity=\"1\" data-product_id=\"288\" data-product_sku=\"GY50.00053\" data-price=\"5210.4\" rel=\"nofollow\" class=\"wp-block-button__link  add_to_cart_button ajax_add_to_cart\">Add to cart<\/a><\/div>\n\t\t\t<\/li><li class=\"wc-block-grid__product\">\n\t\t\t\t<a href=\"https:\/\/store.benmaker.com\/en\/ekser-edu-3b-yazici\/\" class=\"wc-block-grid__product-link\">\n\t\t\t\t\t<div class=\"wc-block-grid__product-onsale\">\n\t\t\t<span aria-hidden=\"true\">Sale<\/span>\n\t\t\t<span class=\"screen-reader-text\">Product on sale<\/span>\n\t\t<\/div>\n\t\t\t\t\t<div class=\"wc-block-grid__product-image\"><img loading=\"lazy\" decoding=\"async\" width=\"270\" height=\"270\" src=\"https:\/\/store.benmaker.com\/wp-content\/uploads\/2025\/04\/091-270x270-1.jpg\" class=\"attachment-woocommerce_thumbnail size-woocommerce_thumbnail\" alt=\"EKSER EDU 3B YAZICI\" srcset=\"https:\/\/store.benmaker.com\/wp-content\/uploads\/2025\/04\/091-270x270-1.jpg 270w, https:\/\/store.benmaker.com\/wp-content\/uploads\/2025\/04\/091-270x270-1-150x150.jpg 150w, https:\/\/store.benmaker.com\/wp-content\/uploads\/2025\/04\/091-270x270-1-100x100.jpg 100w\" sizes=\"auto, (max-width: 270px) 100vw, 270px\" \/><\/div>\n\t\t\t\t\t<div class=\"wc-block-grid__product-title\">EKSER EDU 3B YAZICI<\/div>\n\t\t\t\t<\/a>\n\t\t\t\t<div class=\"wc-block-grid__product-price price\"><del aria-hidden=\"true\"><span class=\"woocommerce-Price-amount amount\"><span class=\"woocommerce-Price-currencySymbol\">&#036;<\/span>5,070.00<\/span><\/del> <span class=\"screen-reader-text\">Original price was: &#036;5,070.00.<\/span><ins aria-hidden=\"true\"><span class=\"woocommerce-Price-amount amount\"><span class=\"woocommerce-Price-currencySymbol\">&#036;<\/span>4,586.40<\/span><\/ins><span class=\"screen-reader-text\">Current price is: &#036;4,586.40.<\/span><\/div>\n\t\t\t\t\n\t\t\t\t<div class=\"wp-block-button wc-block-grid__product-add-to-cart\"><a href=\"\/en\/wp-json\/wp\/v2\/pages\/366?add-to-cart=284\" aria-label=\"Add to cart: &ldquo;EKSER EDU 3B YAZICI&rdquo;\" data-quantity=\"1\" data-product_id=\"284\" data-product_sku=\"GY50.00052\" data-price=\"4586.4\" rel=\"nofollow\" class=\"wp-block-button__link  add_to_cart_button ajax_add_to_cart\">Add to cart<\/a><\/div>\n\t\t\t<\/li><li class=\"wc-block-grid__product\">\n\t\t\t\t<a href=\"https:\/\/store.benmaker.com\/en\/testere-ucu-ve-zimpara-kiti\/\" class=\"wc-block-grid__product-link\">\n\t\t\t\t\t<div class=\"wc-block-grid__product-onsale\">\n\t\t\t<span aria-hidden=\"true\">Sale<\/span>\n\t\t\t<span class=\"screen-reader-text\">Product on sale<\/span>\n\t\t<\/div>\n\t\t\t\t\t<div class=\"wc-block-grid__product-image\"><img loading=\"lazy\" decoding=\"async\" width=\"270\" height=\"270\" src=\"https:\/\/store.benmaker.com\/wp-content\/uploads\/2025\/04\/008-270x270-1.jpg\" class=\"attachment-woocommerce_thumbnail size-woocommerce_thumbnail\" alt=\"TESTERE UCU VE ZIMPARA K\u0130T\u0130\" srcset=\"https:\/\/store.benmaker.com\/wp-content\/uploads\/2025\/04\/008-270x270-1.jpg 270w, https:\/\/store.benmaker.com\/wp-content\/uploads\/2025\/04\/008-270x270-1-150x150.jpg 150w, https:\/\/store.benmaker.com\/wp-content\/uploads\/2025\/04\/008-270x270-1-100x100.jpg 100w\" sizes=\"auto, (max-width: 270px) 100vw, 270px\" \/><\/div>\n\t\t\t\t\t<div class=\"wc-block-grid__product-title\">TESTERE UCU VE ZIMPARA K\u0130T\u0130<\/div>\n\t\t\t\t<\/a>\n\t\t\t\t<div class=\"wc-block-grid__product-price price\"><del aria-hidden=\"true\"><span class=\"woocommerce-Price-amount amount\"><span class=\"woocommerce-Price-currencySymbol\">&#036;<\/span>31.20<\/span><\/del> <span class=\"screen-reader-text\">Original price was: &#036;31.20.<\/span><ins aria-hidden=\"true\"><span class=\"woocommerce-Price-amount amount\"><span class=\"woocommerce-Price-currencySymbol\">&#036;<\/span>27.77<\/span><\/ins><span class=\"screen-reader-text\">Current price is: &#036;27.77.<\/span><\/div>\n\t\t\t\t\n\t\t\t\t<div class=\"wp-block-button wc-block-grid__product-add-to-cart\"><a href=\"\/en\/wp-json\/wp\/v2\/pages\/366?add-to-cart=282\" aria-label=\"Add to cart: &ldquo;TESTERE UCU VE ZIMPARA K\u0130T\u0130&rdquo;\" data-quantity=\"1\" data-product_id=\"282\" data-product_sku=\"ahsap003\" data-price=\"27.77\" rel=\"nofollow\" class=\"wp-block-button__link  add_to_cart_button ajax_add_to_cart\">Add to cart<\/a><\/div>\n\t\t\t<\/li><\/ul><\/div><\/div>\n<\/div>\n","protected":false},"excerpt":{"rendered":"","protected":false},"author":1,"featured_media":0,"parent":0,"menu_order":0,"comment_status":"closed","ping_status":"closed","template":"","meta":{"footnotes":""},"class_list":["post-366","page","type-page","status-publish","hentry"],"_links":{"self":[{"href":"https:\/\/store.benmaker.com\/en\/wp-json\/wp\/v2\/pages\/366","targetHints":{"allow":["GET"]}}],"collection":[{"href":"https:\/\/store.benmaker.com\/en\/wp-json\/wp\/v2\/pages"}],"about":[{"href":"https:\/\/store.benmaker.com\/en\/wp-json\/wp\/v2\/types\/page"}],"author":[{"embeddable":true,"href":"https:\/\/store.benmaker.com\/en\/wp-json\/wp\/v2\/users\/1"}],"replies":[{"embeddable":true,"href":"https:\/\/store.benmaker.com\/en\/wp-json\/wp\/v2\/comments?post=366"}],"version-history":[{"count":0,"href":"https:\/\/store.benmaker.com\/en\/wp-json\/wp\/v2\/pages\/366\/revisions"}],"wp:attachment":[{"href":"https:\/\/store.benmaker.com\/en\/wp-json\/wp\/v2\/media?parent=366"}],"curies":[{"name":"wp","href":"https:\/\/api.w.org\/{rel}","templated":true}]}}